{"id":494,"date":"2023-07-13T14:44:29","date_gmt":"2023-07-13T14:44:29","guid":{"rendered":"https:\/\/foton360.com\/?post_type=product&#038;p=494"},"modified":"2025-11-20T09:48:43","modified_gmt":"2025-11-20T09:48:43","slug":"foton-espejo-espejo-magico","status":"publish","type":"product","link":"https:\/\/foton360.com\/index.php\/producto\/foton-espejo-espejo-magico\/","title":{"rendered":"Fot\u00f3n Espejo (Espejo M\u00e1gico)"},"content":{"rendered":"<p><iframe loading=\"lazy\" title=\"Espejo magico Magic mirror\" width=\"1220\" height=\"686\" src=\"https:\/\/www.youtube.com\/embed\/Za06ha4goZM?feature=oembed\" frameborder=\"0\" allow=\"accelerometer; autoplay; clipboard-write; encrypted-media; gyroscope; picture-in-picture; web-share\" allowfullscreen><\/iframe><\/p>\n<h3><\/h3>\n<h4>\u00bfQue incluye cada pack?<\/h4>\n<p>Con Fot\u00f3n 360 puedes mejorar tu experiencia y elegir entre nuestros tres paquetes disponibles: Simple, Pro y Premium.<\/p>\n<p>Cada uno de ellos tiene diferentes prestaciones y servicios a tu disposici\u00f3n, por lo que puedes elegir aquel que mejor se adapte a tus necesidades.<\/p>\n<p>&nbsp;<\/p>\n<h3>SIMPLE<\/h3>\n<p>El<strong> Paquete Simple<\/strong> incluye:<\/p>\n<ul>\n<li class=\"p1\"><span class=\"s1\">Impresi\u00f3n copias dobles<\/span><\/li>\n<li class=\"p1\"><span class=\"s1\">Boomerang y Gif<\/span><\/li>\n<li class=\"p1\"><span class=\"s1\">Link para descarga<\/span><\/li>\n<li class=\"p1\"><span class=\"s1\">Atrezzo divertido<\/span><\/li>\n<li class=\"p1\"><span class=\"s1\">Dise\u00f1o gr\u00e1fico b\u00e1sico<\/span><\/li>\n<li class=\"p1\"><span class=\"s1\">C\u00e1mara reflex profesional<\/span><\/li>\n<li class=\"p1\"><span class=\"s1\">Impresi\u00f3n de laboratorio<\/span><\/li>\n<li class=\"p1\"><span class=\"s1\">Asistente durante el evento<\/span><\/li>\n<li class=\"p1\"><span class=\"s1\">Montaje y desmontaje<\/span><\/li>\n<\/ul>\n<p>&nbsp;<\/p>\n<h3>PRO<\/h3>\n<p>El <strong>Paquete Pro<\/strong> incluye:<\/p>\n<ul>\n<li class=\"p1\"><span class=\"s1\">Impresi\u00f3n de copias ilimitadas<\/span><\/li>\n<li class=\"p1\"><span class=\"s1\">\u00c1lbum de firmas<\/span><\/li>\n<li class=\"p1\"><span class=\"s1\">Grabaci\u00f3n de VIDEO<\/span><\/li>\n<li class=\"p1\"><span class=\"s1\">Boomerang y Gif<\/span><\/li>\n<li class=\"p1\"><span class=\"s1\">Dise\u00f1o personalizado de las tiras<\/span><\/li>\n<li class=\"p1\"><span class=\"s1\">Pendrive<\/span><\/li>\n<li class=\"p1\"><span class=\"s1\">Galer\u00eda web privada<\/span><\/li>\n<li class=\"p1\"><span class=\"s1\">Atrezo divertido<\/span><\/li>\n<li class=\"p1\"><span class=\"s1\">Link descarga de archivos<\/span><\/li>\n<li class=\"p1\"><span class=\"s1\">C\u00e1mara reflex profesional<\/span><\/li>\n<li class=\"p1\"><span class=\"s1\">Impresi\u00f3n calidad de laboratorio<\/span><\/li>\n<li class=\"p1\"><span class=\"s1\">Asistente durante el evento<\/span><\/li>\n<li class=\"p1\"><span class=\"s1\">Montaje y desmontaje<\/span><\/li>\n<\/ul>\n<p>&nbsp;<\/p>\n<h3>PREMIUM<\/h3>\n<p>El <strong>Paquete Premium<\/strong> incluye:<\/p>\n<ul>\n<li class=\"p1\"><span class=\"s1\">Impresi\u00f3n de copias ilimitadas<\/span><\/li>\n<li class=\"p1\"><span class=\"s1\">\u00c1lbum de firmas<\/span><\/li>\n<li class=\"p1\"><span class=\"s1\">Grabaci\u00f3n de VIDEO<\/span><\/li>\n<li class=\"p1\"><span class=\"s1\">Boomerang y Gif<\/span><\/li>\n<li class=\"p1\"><span class=\"s1\">Photocall \/ Fondo<\/span><\/li>\n<li class=\"p1\"><span class=\"s1\">Dise\u00f1o personalizado de las tiras<\/span><\/li>\n<li class=\"p1\"><span class=\"s1\">Pendrive<\/span><\/li>\n<li class=\"p1\"><span class=\"s1\">Galer\u00eda web privada<\/span><\/li>\n<li class=\"p1\"><span class=\"s1\">Atrezo divertido<\/span><\/li>\n<li class=\"p1\"><span class=\"s1\">Link descarga de archivos<\/span><\/li>\n<li class=\"p1\"><span class=\"s1\">C\u00e1mara reflex profesional<\/span><\/li>\n<li class=\"p1\"><span class=\"s1\">Impresi\u00f3n calidad de laboratorio<\/span><\/li>\n<li class=\"p1\"><span class=\"s1\">Asistente durante el vento<\/span><\/li>\n<li class=\"p1\"><span class=\"s1\">Suelo de c\u00e9sped<\/span><\/li>\n<li class=\"p1\"><span class=\"s1\">Montaje y desmontaje<\/span><\/li>\n<\/ul>\n","protected":false},"excerpt":{"rendered":"<p>Fot\u00f3n Espejo (Espejo M\u00e1gico) es el \u00faltimo concepto en diversi\u00f3n. Este nuevo formato combina un dise\u00f1o muy caracter\u00edstico con apariencia espejo con modernas prestaciones. Este modelo de fotomat\u00f3n tan glamuroso es capaz de capturar fotos de cuerpo entero en una sola toma.<\/p>\n<p>Su funcionamiento es muy sencillo. En primer lugar se toca la pantalla t\u00e1ctil, dando comienzo a un juego de display que va marcando el qu\u00e9 hacer. Los invitados posan y una vez tomada la foto se siguen unas instrucciones que va facilitando el propio Fot\u00f3n Espejo para personalizar la fotograf\u00eda. El Espejo M\u00e1gico se comunicar\u00e1 con los invitados dando unas indicaciones a trav\u00e9s de \u00e9l con animaciones coloridas y divertidas.<\/p>\n<p>Se hace de manera f\u00e1cil y divertida. El tiempo medio de impresi\u00f3n es unos 10 segundos dos fotograf\u00edas. Este Fotomat\u00f3n cuenta en su interior con componentes de \u00faltima generaci\u00f3n para ofrecer como resultado final, unas fotograf\u00edas con calidad profesional.<\/p>\n","protected":false},"featured_media":470,"comment_status":"open","ping_status":"closed","template":"","meta":{"content-type":""},"product_brand":[],"product_cat":[138,127],"product_tag":[],"class_list":{"0":"post-494","1":"product","2":"type-product","3":"status-publish","4":"has-post-thumbnail","6":"product_cat-eventos","7":"product_cat-foton-espejo","9":"first","10":"instock","11":"shipping-taxable","12":"purchasable","13":"product-type-variable"},"_links":{"self":[{"href":"https:\/\/foton360.com\/index.php\/wp-json\/wp\/v2\/product\/494","targetHints":{"allow":["GET"]}}],"collection":[{"href":"https:\/\/foton360.com\/index.php\/wp-json\/wp\/v2\/product"}],"about":[{"href":"https:\/\/foton360.com\/index.php\/wp-json\/wp\/v2\/types\/product"}],"replies":[{"embeddable":true,"href":"https:\/\/foton360.com\/index.php\/wp-json\/wp\/v2\/comments?post=494"}],"wp:featuredmedia":[{"embeddable":true,"href":"https:\/\/foton360.com\/index.php\/wp-json\/wp\/v2\/media\/470"}],"wp:attachment":[{"href":"https:\/\/foton360.com\/index.php\/wp-json\/wp\/v2\/media?parent=494"}],"wp:term":[{"taxonomy":"product_brand","embeddable":true,"href":"https:\/\/foton360.com\/index.php\/wp-json\/wp\/v2\/product_brand?post=494"},{"taxonomy":"product_cat","embeddable":true,"href":"https:\/\/foton360.com\/index.php\/wp-json\/wp\/v2\/product_cat?post=494"},{"taxonomy":"product_tag","embeddable":true,"href":"https:\/\/foton360.com\/index.php\/wp-json\/wp\/v2\/product_tag?post=494"}],"curies":[{"name":"wp","href":"https:\/\/api.w.org\/{rel}","templated":true}]}}