{"id":555,"date":"2023-07-13T19:23:41","date_gmt":"2023-07-13T19:23:41","guid":{"rendered":"https:\/\/foton360.com\/?post_type=product&#038;p=555"},"modified":"2025-11-20T11:27:02","modified_gmt":"2025-11-20T11:27:02","slug":"foton-360-boda","status":"publish","type":"product","link":"https:\/\/foton360.com\/index.php\/producto\/foton-360-boda\/","title":{"rendered":"Foton 360 para tu Boda"},"content":{"rendered":"<p>&nbsp;<\/p>\n<h3><\/h3>\n<h4>\u00bfQue incluye cada pack?<\/h4>\n<p>Con Fot\u00f3n 360 puedes mejorar tu experiencia y elegir entre nuestros tres paquetes disponibles: Simple, Pro y Premium.<\/p>\n<p>Cada uno de ellos tiene diferentes prestaciones y servicios a tu disposici\u00f3n, por lo que puedes elegir aquel que mejor se adapte a tus necesidades.<\/p>\n<p>&nbsp;<\/p>\n<h3>SIMPLE<\/h3>\n<p>El<strong> Paquete Simple<\/strong> incluye:<\/p>\n<ul>\n<li class=\"p1\"><span class=\"s1\">Impresi\u00f3n copias dobles<\/span><\/li>\n<li class=\"p1\"><span class=\"s1\">Boomerang y Gif<\/span><\/li>\n<li class=\"p1\"><span class=\"s1\">Link para descarga<\/span><\/li>\n<li class=\"p1\"><span class=\"s1\">Atrezzo divertido<\/span><\/li>\n<li class=\"p1\"><span class=\"s1\">Dise\u00f1o gr\u00e1fico b\u00e1sico<\/span><\/li>\n<li class=\"p1\"><span class=\"s1\">C\u00e1mara reflex profesional<\/span><\/li>\n<li class=\"p1\"><span class=\"s1\">Impresi\u00f3n de laboratorio<\/span><\/li>\n<li class=\"p1\"><span class=\"s1\">Asistente durante el evento<\/span><\/li>\n<li class=\"p1\"><span class=\"s1\">Montaje y desmontaje<\/span><\/li>\n<\/ul>\n<p>&nbsp;<\/p>\n<h3>PRO<\/h3>\n<p>El <strong>Paquete Pro<\/strong> incluye:<\/p>\n<ul>\n<li class=\"p1\"><span class=\"s1\">Impresi\u00f3n de copias ilimitadas<\/span><\/li>\n<li class=\"p1\"><span class=\"s1\">\u00c1lbum de firmas<\/span><\/li>\n<li class=\"p1\"><span class=\"s1\">Grabaci\u00f3n de VIDEO<\/span><\/li>\n<li class=\"p1\"><span class=\"s1\">Boomerang y Gif<\/span><\/li>\n<li class=\"p1\"><span class=\"s1\">Dise\u00f1o personalizado de las tiras<\/span><\/li>\n<li class=\"p1\"><span class=\"s1\">Pendrive<\/span><\/li>\n<li class=\"p1\"><span class=\"s1\">Galer\u00eda web privada<\/span><\/li>\n<li class=\"p1\"><span class=\"s1\">Atrezo divertido<\/span><\/li>\n<li class=\"p1\"><span class=\"s1\">Link descarga de archivos<\/span><\/li>\n<li class=\"p1\"><span class=\"s1\">C\u00e1mara reflex profesional<\/span><\/li>\n<li class=\"p1\"><span class=\"s1\">Impresi\u00f3n calidad de laboratorio<\/span><\/li>\n<li class=\"p1\"><span class=\"s1\">Asistente durante el evento<\/span><\/li>\n<li class=\"p1\"><span class=\"s1\">Montaje y desmontaje<\/span><\/li>\n<\/ul>\n<p>&nbsp;<\/p>\n<h3>PREMIUM<\/h3>\n<p>El <strong>Paquete Premium<\/strong> incluye:<\/p>\n<ul>\n<li class=\"p1\"><span class=\"s1\">Impresi\u00f3n de copias ilimitadas<\/span><\/li>\n<li class=\"p1\"><span class=\"s1\">\u00c1lbum de firmas<\/span><\/li>\n<li class=\"p1\"><span class=\"s1\">Grabaci\u00f3n de VIDEO<\/span><\/li>\n<li class=\"p1\"><span class=\"s1\">Boomerang y Gif<\/span><\/li>\n<li class=\"p1\"><span class=\"s1\">Photocall \/ Fondo<\/span><\/li>\n<li class=\"p1\"><span class=\"s1\">Dise\u00f1o personalizado de las tiras<\/span><\/li>\n<li class=\"p1\"><span class=\"s1\">Pendrive<\/span><\/li>\n<li class=\"p1\"><span class=\"s1\">Galer\u00eda web privada<\/span><\/li>\n<li class=\"p1\"><span class=\"s1\">Atrezo divertido<\/span><\/li>\n<li class=\"p1\"><span class=\"s1\">Link descarga de archivos<\/span><\/li>\n<li class=\"p1\"><span class=\"s1\">C\u00e1mara reflex profesional<\/span><\/li>\n<li class=\"p1\"><span class=\"s1\">Impresi\u00f3n calidad de laboratorio<\/span><\/li>\n<li class=\"p1\"><span class=\"s1\">Asistente durante el vento<\/span><\/li>\n<li class=\"p1\"><span class=\"s1\">Suelo de c\u00e9sped<\/span><\/li>\n<li class=\"p1\"><span class=\"s1\">Montaje y desmontaje<\/span><\/li>\n<\/ul>\n","protected":false},"excerpt":{"rendered":"<p>\u00a1Fot\u00f3n 360 es el entretenimiento de moda en Canarias!<\/p>\n<p>Fot\u00f3n 360 es una plataforma de 360 grados con capacidad para varias personas, en la que tus invitados se divertir\u00e1n experimentando con todas sus posibilidades y efectos. Esta plataforma genera Videos en Slow Motion con efectos incre\u00edbles que todos querr\u00e1n compartir en sus redes sociales.<\/p>\n<p>Nuestra plataforma 360 te permite moverte mientras se graba su video a la velocidad del rayo. Simplemente tu y tus invitados se suben a la plataforma, deciden qu\u00e9 movimientos van a realizar y esperan a que la c\u00e1mara empiece a girar.<\/p>\n","protected":false},"featured_media":511,"comment_status":"open","ping_status":"closed","template":"","meta":{"content-type":""},"product_brand":[],"product_cat":[139,137],"product_tag":[],"class_list":{"0":"post-555","1":"product","2":"type-product","3":"status-publish","4":"has-post-thumbnail","6":"product_cat-foton-360-boda","7":"product_cat-boda","9":"first","10":"instock","11":"shipping-taxable","12":"purchasable","13":"product-type-variable"},"_links":{"self":[{"href":"https:\/\/foton360.com\/index.php\/wp-json\/wp\/v2\/product\/555","targetHints":{"allow":["GET"]}}],"collection":[{"href":"https:\/\/foton360.com\/index.php\/wp-json\/wp\/v2\/product"}],"about":[{"href":"https:\/\/foton360.com\/index.php\/wp-json\/wp\/v2\/types\/product"}],"replies":[{"embeddable":true,"href":"https:\/\/foton360.com\/index.php\/wp-json\/wp\/v2\/comments?post=555"}],"wp:featuredmedia":[{"embeddable":true,"href":"https:\/\/foton360.com\/index.php\/wp-json\/wp\/v2\/media\/511"}],"wp:attachment":[{"href":"https:\/\/foton360.com\/index.php\/wp-json\/wp\/v2\/media?parent=555"}],"wp:term":[{"taxonomy":"product_brand","embeddable":true,"href":"https:\/\/foton360.com\/index.php\/wp-json\/wp\/v2\/product_brand?post=555"},{"taxonomy":"product_cat","embeddable":true,"href":"https:\/\/foton360.com\/index.php\/wp-json\/wp\/v2\/product_cat?post=555"},{"taxonomy":"product_tag","embeddable":true,"href":"https:\/\/foton360.com\/index.php\/wp-json\/wp\/v2\/product_tag?post=555"}],"curies":[{"name":"wp","href":"https:\/\/api.w.org\/{rel}","templated":true}]}}