{"id":582,"date":"2023-07-14T12:41:35","date_gmt":"2023-07-14T12:41:35","guid":{"rendered":"https:\/\/foton360.com\/?post_type=product&#038;p=582"},"modified":"2026-04-22T06:55:10","modified_gmt":"2026-04-22T06:55:10","slug":"telefono-confesionario","status":"publish","type":"product","link":"https:\/\/foton360.com\/index.php\/producto\/telefono-confesionario\/","title":{"rendered":"Tel\u00e9fono Confesionario"},"content":{"rendered":"<div id=\"cc-m-19627762325\" class=\"j-module n j-header \">\n<h2><\/h2>\n<h4 id=\"cc-m-header-19627762325\">H\u00e1z tu boda diferente<\/h4>\n<\/div>\n<div id=\"cc-m-19627762425\" class=\"j-module n j-text \">\n<p>\u00bfHas visto video confesionarios en otras bodas?<\/p>\n<p>\u00a1Hazlo diferente!\u00a0 El video confesionario es una buena idea Pero los invitados m\u00e1s timidos no saldr\u00e1n en el video. Nuestro tel\u00e9fono\u00a0 elimina la\u00a0verg\u00fcenza y deja m\u00e1s espacio para mensajes sinceros y divertidos de todos los invitados.<\/p>\n<\/div>\n<p>&nbsp;<\/p>\n<div id=\"cc-m-19627762725\" class=\"j-module n j-header \">\n<h4 id=\"cc-m-header-19627762725\">Recuerdos para siempre<\/h4>\n<\/div>\n<div id=\"cc-m-19627762825\" class=\"j-module n j-text \">\n<p>\u201cEstas son mis confesiones\u201d. Nuestro tel\u00e9fono\u00a0 brinda un potencial de grabaci\u00f3n ilimitado. \u00dasalo como un libro de visitas de audio para su boda. Una estaci\u00f3n \u201cconfesionaria\u201d para tu cumplea\u00f1os o para una despedida de novios&#8230; Se puede utilizar en cualquier lugar que se te ocurra.<\/p>\n<\/div>\n<div id=\"cc-m-19627763125\" class=\"j-module n j-header \">\n<h4 id=\"cc-m-header-19627763125\">En cualquier lugar<\/h4>\n<\/div>\n<div id=\"cc-m-19627763225\" class=\"j-module n j-text \">\n<p>Nuestro tel\u00e9fono parece simple, ese es su gran secreto. Graba tu mensaje personalizado que los invitados escuchar\u00e1n cuando levanten el tel\u00e9fono. Despu\u00e9s del evento, tendr\u00e9is un enlace privado con todas la respuestas obtenidas en archivos mp3 de vuestros invitados.<\/p>\n<\/div>\n","protected":false},"excerpt":{"rendered":"<div id=\"cc-m-19627761925\" class=\"j-module n j-text \">\n<p>Nuestro tel\u00e9fono confesionario de estilo Vintage es la mejor manera de capturar los mensajes divertidos y emotivos de los invitados.\u00a0 Simplemente levanta el tel\u00e9fono, deja tu pregunta despu\u00e9s del pitido y cuelga.<\/p>\n<p>Esto tan sencillo har\u00e1 que sea muy f\u00e1cil y divertido para los invitados dejar su propio mensaje grabado para su ocasi\u00f3n especial.<\/p>\n<\/div>\n<div id=\"cc-m-19695461825\" class=\"j-module n j-spacing \">\n<h5 class=\"cc-m-spacer\"><strong>\u00a1Reserva el tuyo ya! <\/strong>Tambi\u00e9n puedes adquirirlo como complemento de cualquiera de nuestros fotomatones por s\u00f3lo 65\u20ac m\u00e1s)<\/h5>\n<\/div>\n","protected":false},"featured_media":479,"comment_status":"open","ping_status":"closed","template":"","meta":{"content-type":""},"product_brand":[],"product_cat":[145,138],"product_tag":[],"class_list":{"0":"post-582","1":"product","2":"type-product","3":"status-publish","4":"has-post-thumbnail","6":"product_cat-telefono-confesionario","7":"product_cat-eventos","9":"first","10":"instock","11":"shipping-taxable","12":"purchasable","13":"product-type-simple"},"_links":{"self":[{"href":"https:\/\/foton360.com\/index.php\/wp-json\/wp\/v2\/product\/582","targetHints":{"allow":["GET"]}}],"collection":[{"href":"https:\/\/foton360.com\/index.php\/wp-json\/wp\/v2\/product"}],"about":[{"href":"https:\/\/foton360.com\/index.php\/wp-json\/wp\/v2\/types\/product"}],"replies":[{"embeddable":true,"href":"https:\/\/foton360.com\/index.php\/wp-json\/wp\/v2\/comments?post=582"}],"wp:featuredmedia":[{"embeddable":true,"href":"https:\/\/foton360.com\/index.php\/wp-json\/wp\/v2\/media\/479"}],"wp:attachment":[{"href":"https:\/\/foton360.com\/index.php\/wp-json\/wp\/v2\/media?parent=582"}],"wp:term":[{"taxonomy":"product_brand","embeddable":true,"href":"https:\/\/foton360.com\/index.php\/wp-json\/wp\/v2\/product_brand?post=582"},{"taxonomy":"product_cat","embeddable":true,"href":"https:\/\/foton360.com\/index.php\/wp-json\/wp\/v2\/product_cat?post=582"},{"taxonomy":"product_tag","embeddable":true,"href":"https:\/\/foton360.com\/index.php\/wp-json\/wp\/v2\/product_tag?post=582"}],"curies":[{"name":"wp","href":"https:\/\/api.w.org\/{rel}","templated":true}]}}